{"id":40,"date":"2018-10-10T15:30:33","date_gmt":"2018-10-10T13:30:33","guid":{"rendered":"http:\/\/www.ondrejd.cz\/?page_id=40"},"modified":"2018-10-23T11:18:10","modified_gmt":"2018-10-23T09:18:10","slug":"pohoda","status":"publish","type":"page","link":"https:\/\/www.ondrejd.cz\/?page_id=40","title":{"rendered":"POHODA"},"content":{"rendered":"<p><strong>Ekonomick\u00fd a \u00fa\u010detn\u00ed program POHODA<\/strong><br \/>\nPOHODA se postar\u00e1 o va\u0161e \u00fa\u010detnictv\u00ed i da\u0148ovou evidenci. Ovl\u00e1d\u00e1n\u00ed je snadn\u00e9 a intuitivn\u00ed, proto se ani za\u010d\u00e1te\u010dn\u00edk p\u0159i pr\u00e1ci v \u00fa\u010detn\u00edm programu neztrat\u00ed. Nav\u00edc m\u00e1te dostate\u010dnou volnost v nastaven\u00ed dal\u0161\u00edch funkc\u00ed a parametr\u016f, tak\u017ee spolu s va\u0161\u00edm podnik\u00e1n\u00edm poroste i va\u0161e POHODA.<\/p>\n<p>My se m\u016f\u017eeme postarat o:<\/p>\n<ul>\n<li>instalaci a nastaven\u00ed programu<\/li>\n<li>zaveden\u00ed a spr\u00e1vu \u00fa\u010detn\u00edch jednotek<\/li>\n<li>tvorbu a personalizaci \u0161ablon (faktury, doklady, dodac\u00ed listy&#8230;)<\/li>\n<li>integraci Pohody do va\u0161eho Informa\u010dn\u00edho syst\u00e9mu<\/li>\n<li>instalaci a provoz serveru Pohody<\/li>\n<li>vzd\u00e1lenou spr\u00e1vu a servis<\/li>\n<\/ul>\n<p><\/br><br \/>\n<img decoding=\"async\" src=\"\/pic\/02.jpg\" width=\"20%\" height=\"20%\">&nbsp;&nbsp;&nbsp;&nbsp;&nbsp;&nbsp;<img decoding=\"async\" src=\"\/pic\/03.jpg\" width=\"20%\" height=\"20%\">&nbsp;&nbsp;&nbsp;&nbsp;&nbsp;&nbsp;<img decoding=\"async\" src=\"\/pic\/04.jpg\"width=\"20%\" height=\"20%\">&nbsp;&nbsp;&nbsp;&nbsp;&nbsp;&nbsp;<img decoding=\"async\" src=\"\/pic\/01.jpg\" width=\"20%\" height=\"20%\"><br \/>\n<\/br><br \/>\nV\u00fdrobcem software Pohoda je firma <a href=\"http:\/\/www.stormware.cz\">Stormware s.r.o.<\/a><br \/>\n<a href=\"https:\/\/www.stormware.cz\/demoverze\/\">Demoverze Pohody ke sta\u017een\u00ed zde<\/a><\/p>\n","protected":false},"excerpt":{"rendered":"<p>Ekonomick\u00fd a \u00fa\u010detn\u00ed program POHODA POHODA se postar\u00e1 o va\u0161e \u00fa\u010detnictv\u00ed i da\u0148ovou evidenci. Ovl\u00e1d\u00e1n\u00ed je snadn\u00e9 a intuitivn\u00ed, proto se ani za\u010d\u00e1te\u010dn\u00edk p\u0159i pr\u00e1ci v \u00fa\u010detn\u00edm programu neztrat\u00ed. Nav\u00edc m\u00e1te dostate\u010dnou volnost v nastaven\u00ed dal\u0161\u00edch funkc\u00ed a parametr\u016f, tak\u017ee spolu s va\u0161\u00edm podnik\u00e1n\u00edm poroste i va\u0161e POHODA. My se m\u016f\u017eeme postarat o: instalaci a [&hellip;]<\/p>\n","protected":false},"author":1,"featured_media":0,"parent":0,"menu_order":0,"comment_status":"closed","ping_status":"closed","template":"","meta":{"footnotes":""},"class_list":["post-40","page","type-page","status-publish","hentry"],"_links":{"self":[{"href":"https:\/\/www.ondrejd.cz\/index.php?rest_route=\/wp\/v2\/pages\/40","targetHints":{"allow":["GET"]}}],"collection":[{"href":"https:\/\/www.ondrejd.cz\/index.php?rest_route=\/wp\/v2\/pages"}],"about":[{"href":"https:\/\/www.ondrejd.cz\/index.php?rest_route=\/wp\/v2\/types\/page"}],"author":[{"embeddable":true,"href":"https:\/\/www.ondrejd.cz\/index.php?rest_route=\/wp\/v2\/users\/1"}],"replies":[{"embeddable":true,"href":"https:\/\/www.ondrejd.cz\/index.php?rest_route=%2Fwp%2Fv2%2Fcomments&post=40"}],"version-history":[{"count":19,"href":"https:\/\/www.ondrejd.cz\/index.php?rest_route=\/wp\/v2\/pages\/40\/revisions"}],"predecessor-version":[{"id":110,"href":"https:\/\/www.ondrejd.cz\/index.php?rest_route=\/wp\/v2\/pages\/40\/revisions\/110"}],"wp:attachment":[{"href":"https:\/\/www.ondrejd.cz\/index.php?rest_route=%2Fwp%2Fv2%2Fmedia&parent=40"}],"curies":[{"name":"wp","href":"https:\/\/api.w.org\/{rel}","templated":true}]}}