{"id":4,"date":"2015-09-19T15:42:09","date_gmt":"2015-09-19T13:42:09","guid":{"rendered":"http:\/\/www.ondrejd.cz\/?page_id=4"},"modified":"2018-10-10T16:53:53","modified_gmt":"2018-10-10T14:53:53","slug":"kontakt","status":"publish","type":"page","link":"https:\/\/www.ondrejd.cz\/","title":{"rendered":"KONTAKT"},"content":{"rendered":"<p><strong>Ing. Ond\u0159ej Dole\u017eal<\/strong><\/p>\n<p><strong>A:<\/strong> B. N\u011bmcov\u00e9 1610, 560 02 \u010cesk\u00e1 T\u0159ebov\u00e1<\/p>\n<p><strong>T:<\/strong> +420 608 100 245<\/p>\n<p><strong>E:<\/strong> ondrejd@cmail.cz<\/p>\n<p><strong>W:<\/strong> www.ondrejd.cz<\/p>\n<p><strong>I\u010cO:<\/strong> 49311751<\/p>\n<p><strong>DI\u010c:<\/strong> 7107013518<\/p>\n","protected":false},"excerpt":{"rendered":"<p>Ing. Ond\u0159ej Dole\u017eal A: B. N\u011bmcov\u00e9 1610, 560 02 \u010cesk\u00e1 T\u0159ebov\u00e1 T: +420 608 100 245 E: ondrejd@cmail.cz W: www.ondrejd.cz I\u010cO: 49311751 DI\u010c: 7107013518<\/p>\n","protected":false},"author":1,"featured_media":0,"parent":0,"menu_order":0,"comment_status":"open","ping_status":"open","template":"","meta":{"footnotes":""},"class_list":["post-4","page","type-page","status-publish","hentry"],"_links":{"self":[{"href":"https:\/\/www.ondrejd.cz\/index.php?rest_route=\/wp\/v2\/pages\/4","targetHints":{"allow":["GET"]}}],"collection":[{"href":"https:\/\/www.ondrejd.cz\/index.php?rest_route=\/wp\/v2\/pages"}],"about":[{"href":"https:\/\/www.ondrejd.cz\/index.php?rest_route=\/wp\/v2\/types\/page"}],"author":[{"embeddable":true,"href":"https:\/\/www.ondrejd.cz\/index.php?rest_route=\/wp\/v2\/users\/1"}],"replies":[{"embeddable":true,"href":"https:\/\/www.ondrejd.cz\/index.php?rest_route=%2Fwp%2Fv2%2Fcomments&post=4"}],"version-history":[{"count":11,"href":"https:\/\/www.ondrejd.cz\/index.php?rest_route=\/wp\/v2\/pages\/4\/revisions"}],"predecessor-version":[{"id":50,"href":"https:\/\/www.ondrejd.cz\/index.php?rest_route=\/wp\/v2\/pages\/4\/revisions\/50"}],"wp:attachment":[{"href":"https:\/\/www.ondrejd.cz\/index.php?rest_route=%2Fwp%2Fv2%2Fmedia&parent=4"}],"curies":[{"name":"wp","href":"https:\/\/api.w.org\/{rel}","templated":true}]}}