{"id":38,"date":"2018-10-10T15:30:04","date_gmt":"2018-10-10T13:30:04","guid":{"rendered":"http:\/\/www.ondrejd.cz\/?page_id=38"},"modified":"2018-10-11T09:34:48","modified_gmt":"2018-10-11T07:34:48","slug":"reference","status":"publish","type":"page","link":"https:\/\/www.ondrejd.cz\/?page_id=38","title":{"rendered":"PARTNE\u0158I"},"content":{"rendered":"<p>Na integraci ekonomick\u00e9ho syst\u00e9mu Pohoda se sklady, bankami, e-shopy a expedi\u010dn\u00edmi spole\u010dnostmi nasazujeme v\u00fdlu\u010dn\u011b \u0159e\u0161en\u00ed na\u0161ich partner\u016f.<\/p>\n<p><a href=\"http:\/\/bsshop.cz\">Eshop<\/a><br \/>\n<a href=\"http:\/\/www.itfuture.cz\">Sklady, logistika, \u010d\u00e1rov\u00e9 k\u00f3dy<\/a><br \/>\n<a href=\"http:\/\/www.phmobile.eu\">\u010c\u00e1rov\u00e9 k\u00f3dy, anal\u00fdza, notifikace<\/a><br \/>\n<a href=\"http:\/\/www.bhit.cz\">Expedice<\/a><br \/>\n<a href=\"http:\/\/www.ktuno.cz\">Tisk\u00e1rny, hardware<\/a><\/p>\n","protected":false},"excerpt":{"rendered":"<p>Na integraci ekonomick\u00e9ho syst\u00e9mu Pohoda se sklady, bankami, e-shopy a expedi\u010dn\u00edmi spole\u010dnostmi nasazujeme v\u00fdlu\u010dn\u011b \u0159e\u0161en\u00ed na\u0161ich partner\u016f. Eshop Sklady, logistika, \u010d\u00e1rov\u00e9 k\u00f3dy \u010c\u00e1rov\u00e9 k\u00f3dy, anal\u00fdza, notifikace Expedice Tisk\u00e1rny, hardware<\/p>\n","protected":false},"author":1,"featured_media":0,"parent":0,"menu_order":0,"comment_status":"closed","ping_status":"closed","template":"","meta":{"footnotes":""},"class_list":["post-38","page","type-page","status-publish","hentry"],"_links":{"self":[{"href":"https:\/\/www.ondrejd.cz\/index.php?rest_route=\/wp\/v2\/pages\/38","targetHints":{"allow":["GET"]}}],"collection":[{"href":"https:\/\/www.ondrejd.cz\/index.php?rest_route=\/wp\/v2\/pages"}],"about":[{"href":"https:\/\/www.ondrejd.cz\/index.php?rest_route=\/wp\/v2\/types\/page"}],"author":[{"embeddable":true,"href":"https:\/\/www.ondrejd.cz\/index.php?rest_route=\/wp\/v2\/users\/1"}],"replies":[{"embeddable":true,"href":"https:\/\/www.ondrejd.cz\/index.php?rest_route=%2Fwp%2Fv2%2Fcomments&post=38"}],"version-history":[{"count":7,"href":"https:\/\/www.ondrejd.cz\/index.php?rest_route=\/wp\/v2\/pages\/38\/revisions"}],"predecessor-version":[{"id":94,"href":"https:\/\/www.ondrejd.cz\/index.php?rest_route=\/wp\/v2\/pages\/38\/revisions\/94"}],"wp:attachment":[{"href":"https:\/\/www.ondrejd.cz\/index.php?rest_route=%2Fwp%2Fv2%2Fmedia&parent=38"}],"curies":[{"name":"wp","href":"https:\/\/api.w.org\/{rel}","templated":true}]}}