{"id":16,"date":"2015-10-05T08:28:00","date_gmt":"2015-10-05T06:28:00","guid":{"rendered":"http:\/\/www.ondrejd.cz\/?page_id=16"},"modified":"2022-01-20T11:02:30","modified_gmt":"2022-01-20T10:02:30","slug":"cenik","status":"publish","type":"page","link":"https:\/\/www.ondrejd.cz\/?page_id=16","title":{"rendered":"CEN\u00cdK"},"content":{"rendered":"<p><strong><u>Cen\u00edk slu\u017eeb platn\u00fd od 1. 2. 2022<\/u><\/strong><\/p>\n\t\t\t\t\t\t\t<h3 style=\"margin-bottom:20px ;display:block;width:100%;margin-top:10px\">Cen\u00edky <\/h3>\r\n\t\t\t\t\t\t\t\t<style>\r\n\t\t\t\t\r\n\t\t\t\t\t#tab_container_137 {\r\n\toverflow:hidden;\r\n\tdisplay:block;\r\n\twidth:100%;\r\n\tborder:0px solid #ddd;\r\n\tmargin-bottom:30px;\r\n\t}\r\n\r\n#tab_container_137 .tab-content{\r\n\tpadding:20px;\r\n\tborder: 1px solid #e6e6e6 !important;\r\n\tmargin-top: 0px;\r\n\tbackground-color:#ffffff !important;\r\n\tcolor: #0a0a0a !important;\r\n\tfont-size:15px !important;\r\n\tfont-family: Open Sans !important;\r\n\t\r\n\t\t\tborder: 0px solid #e6e6e6 !important;\r\n\t\t\r\n\t}\r\n#tab_container_137 .wpsm_nav-tabs {\r\n    border-bottom: 0px solid #ddd;\r\n}\r\n#tab_container_137 .wpsm_nav-tabs > li.active > a, #tab_container_137 .wpsm_nav-tabs > li.active > a:hover, #tab_container_137 .wpsm_nav-tabs > li.active > a:focus {\r\n\tcolor: #000000 !important;\r\n\tcursor: default;\r\n\tbackground-color: #ffffff !important;\r\n\tborder: 1px solid #e6e6e6 !important;\r\n}\r\n\r\n#tab_container_137 .wpsm_nav-tabs > li > a {\r\n    margin-right: 0px !important; \r\n    line-height: 1.42857143 !important;\r\n    border: 1px solid #d5d5d5 !important;\r\n    border-radius: 0px 0px 0 0 !important; \r\n\tbackground-color: #e8e8e8 !important;\r\n\tcolor: #0a0a0a !important;\r\n\tpadding: 15px 18px 15px 18px !important;\r\n\ttext-decoration: none !important;\r\n\tfont-size: 14px !important;\r\n\ttext-align:center !important;\r\n\tfont-family: Open Sans !important;\r\n}\r\n#tab_container_137 .wpsm_nav-tabs > li > a:focus {\r\noutline: 0px !important;\r\n}\r\n\r\n#tab_container_137 .wpsm_nav-tabs > li > a:before {\r\n\tdisplay:none !important;\r\n}\r\n#tab_container_137 .wpsm_nav-tabs > li > a:after {\r\n\tdisplay:none !important ;\r\n}\r\n#tab_container_137 .wpsm_nav-tabs > li{\r\npadding:0px !important ;\r\nmargin:0px;\r\n}\r\n\r\n#tab_container_137 .wpsm_nav-tabs > li > a:hover , #tab_container_137 .wpsm_nav-tabs > li > a:focus {\r\n    color: #0a0a0a !important;\r\n    background-color: #e8e8e8 !important;\r\n\tborder: 1px solid #d5d5d5 !important;\r\n\t\r\n}\r\n#tab_container_137 .wpsm_nav-tabs > li > a .fa{\r\n\r\nmargin-right:5px !important;\r\n\r\nmargin-left:5px !important;\r\n\r\n\r\n}\r\n\r\n\t\t#tab_container_137 .wpsm_nav-tabs a{\r\n\t\t\tbackground-image: none;\r\n\t\t\tbackground-position: 0 0;\r\n\t\t\tbackground-repeat: repeat-x;\r\n\t\t}\r\n\t\t\t\r\n\r\n\r\n#tab_container_137 .wpsm_nav-tabs > li {\r\n    float: left;\r\n    margin-bottom: -1px !important;\r\n\tmargin-right:0px !important; \r\n}\r\n\r\n\r\n#tab_container_137 .tab-content{\r\noverflow:hidden !important;\r\n}\r\n\r\n\r\n@media (min-width: 769px) {\r\n\r\n\t#tab_container_137 .wpsm_nav-tabs > li{\r\n\t\tfloat:left !important ;\r\n\t\t\t\tmargin-right:-1px !important;\r\n\t\t\t\t\t}\r\n\t#tab_container_137 .wpsm_nav-tabs{\r\n\t\tfloat:none !important;\r\n\t\tmargin:0px !important;\r\n\t}\r\n\r\n\t#tab_container_137 .wpsm_nav-tabs > li {\r\n\t\t\t\t\r\n\t}\r\n\t#tab_container_137 .wpsm_nav{\r\n\t\t\t}\r\n\r\n}\r\n\r\n\r\n\r\n@media (max-width: 768px) {\r\n\t#tab_container_137 .wpsm_nav-tabs > li {\r\n\t\t\t\t\r\n\t}\r\n\t#tab_container_137 .wpsm_nav{\r\n\t\t\t}\r\n}\r\n\r\n\r\n\t.wpsm_nav-tabs li:before{\r\n\t\tdisplay:none !important;\r\n\t}\r\n\r\n\t@media (max-width: 768px) {\r\n\t\t\t\t\r\n\t\t\t\t.wpsm_nav-tabs{\r\n\t\t\tmargin-left:0px !important;\r\n\t\t\tmargin-right:0px !important; \r\n\t\t\t\r\n\t\t}\r\n\t\t\t\t#tab_container_137 .wpsm_nav-tabs > li{\r\n\t\t\tfloat:none !important;\r\n\t\t}\r\n\t\t\t\r\n\t}\t\t\t\t<\/style>\r\n\t\t\t\t<div id=\"tab_container_137\" >\r\n\t \r\n\t\t\t\t\t<ul class=\"wpsm_nav wpsm_nav-tabs\" role=\"tablist\" id=\"myTab_137\">\r\n\t\t\t\t\t\t\t\r\n\t\t\t\t\t\t\t<li role=\"presentation\"  class=\"active\"  onclick=\"do_resize()\">\r\n\t\t\t\t\t\t\t\t<a href=\"#tabs_desc_137_1\" aria-controls=\"tabs_desc_137_1\" role=\"tab\" data-toggle=\"tab\">\r\n\t\t\t\t\t\t\t\t\t\r\n\t\t\t\t\t\t\t\t\t\t\t\t\t\t\t\t\t\t\t\t\t\t\t\t\t\t\t\t\t\t\t<i class=\"fa fa-arrow-circle-right\"><\/i> \t\t\t\t\t\t\t\t\t\t\t\t\t\t\t\t\t\t\t\r\n\t\t\t\t\t\t\t\t\t\t\t\t\t\t\t\t\t\t\r\n\t\t\t\t\t\t\t\t\t<span>Bez Servisu 24<\/span>\r\n\t\t\t\t\t\t\t\t\t\r\n\t\t\t\t\t\t\t\t\t\t\t\t\t\t\t\t\t\t\r\n\t\t\t\t\t\t\t\t\t\t\t\t\t\t\t\t\t\t\t\t\r\n\t\t\t\t\t\t\t\t\t\r\n\t\t\t\t\t\t\t\t<\/a>\r\n\t\t\t\t\t\t\t<\/li>\r\n\t\t\t\t\t\t\t\r\n\t\t\t\t\t\t\t<li role=\"presentation\"  onclick=\"do_resize()\">\r\n\t\t\t\t\t\t\t\t<a href=\"#tabs_desc_137_2\" aria-controls=\"tabs_desc_137_2\" role=\"tab\" data-toggle=\"tab\">\r\n\t\t\t\t\t\t\t\t\t\r\n\t\t\t\t\t\t\t\t\t\t\t\t\t\t\t\t\t\t\t\t\t\t\t\t\t\t\t\t\t\t\t<i class=\"fa fa-arrow-circle-right\"><\/i> \t\t\t\t\t\t\t\t\t\t\t\t\t\t\t\t\t\t\t\r\n\t\t\t\t\t\t\t\t\t\t\t\t\t\t\t\t\t\t\r\n\t\t\t\t\t\t\t\t\t<span>M\u00e1m podepsan\u00fd Servis 24<\/span>\r\n\t\t\t\t\t\t\t\t\t\r\n\t\t\t\t\t\t\t\t\t\t\t\t\t\t\t\t\t\t\r\n\t\t\t\t\t\t\t\t\t\t\t\t\t\t\t\t\t\t\t\t\r\n\t\t\t\t\t\t\t\t\t\r\n\t\t\t\t\t\t\t\t<\/a>\r\n\t\t\t\t\t\t\t<\/li>\r\n\t\t\t\t\t\t\t\t\t\t\t <\/ul>\r\n\r\n\t\t\t\t\t  <!-- Tab panes -->\r\n\t\t\t\t\t  <div class=\"tab-content\" id=\"tab-content_137\">\r\n\t\t\t\t\t\t\t\t\t\t\t\t <div role=\"tabpanel\" class=\"tab-pane  in active \" id=\"tabs_desc_137_1\">\r\n\t\t\t\t\t\t\t\t\n<table id=\"tablepress-2\" class=\"tablepress tablepress-id-2\">\n<tbody class=\"row-striping row-hover\">\n<tr class=\"row-1\">\n\t<td class=\"column-1\"><b>Telefonick\u00e9 konzultace<\/b><br \/>\nSlu\u017eba je k dispozici pouze v pracovn\u00ed dobu dodavatele.<\/td><td class=\"column-2\">Zdarma<\/td>\n<\/tr>\n<tr class=\"row-2\">\n\t<td class=\"column-1\"><b>Z\u00e1kladn\u00ed hodinov\u00e1 sazba<\/b><br \/>\nSlu\u017eba plat\u00ed pro po\u017eadavky zadan\u00e9 e-mailem nebo telefonicky, kter\u00e9 je mo\u017en\u00e9 realizovat v pracovn\u00ed dob\u011b dodavatele. <br \/>\nJedn\u00e1 se nap\u0159. o Instalace SW a aktualizac\u00ed, U\u017eivatelsk\u00e9 \u00fapravy SW, servis PC a Tisk\u00e1ren. Slu\u017eba nezahrnuje fyzick\u00e9 z\u00e1sahy u z\u00e1kazn\u00edka.<\/td><td class=\"column-2\">1 000,- K\u010d <br \/>\n\/ hodinu<\/td>\n<\/tr>\n<tr class=\"row-3\">\n\t<td class=\"column-1\"><b>Vzd\u00e1len\u00e1 pomoc<\/b><br \/>\nSazba plat\u00ed pro okam\u017eit\u00e9 \u0159e\u0161en\u00ed po\u017eadavk\u016f z\u00e1kazn\u00edka prost\u0159ednictv\u00edm vzd\u00e1len\u00e9ho p\u0159\u00edstupu na serveru nebo na PC z\u00e1kazn\u00edka v pracovn\u00ed dob\u011b dodavatele. V p\u0159\u00edpad\u011b nedostate\u010dn\u00e9 kapacity dodavatele nelze tuto slu\u017ebu n\u00e1rokovat.<\/td><td class=\"column-2\">400,- K\u010d<br \/>\n\/ 15 minut<\/td>\n<\/tr>\n<tr class=\"row-4\">\n\t<td class=\"column-1\"><b>Z\u00e1kladn\u00ed hodinov\u00e1 sazba mimo pracovn\u00ed dobu<\/b><br \/>\n(Sazba plat\u00ed pro po\u017eadavky zadan\u00e9 e-mailem nebo telefonicky, kter\u00e9 je nutn\u00e9 realizovat mimo pracovn\u00ed dobu dodavatele. <br \/>\nJedn\u00e1 se nap\u0159. o Instalace SW a aktualizac\u00ed, U\u017eivatelsk\u00e9 \u00fapravy SW, servis PC a Tisk\u00e1ren. Slu\u017eba nezahrnuje fyzick\u00e9 z\u00e1sahy u z\u00e1kazn\u00edka.)<\/td><td class=\"column-2\">1 500,- K\u010d \/ hodinu<\/td>\n<\/tr>\n<tr class=\"row-5\">\n\t<td class=\"column-1\"><b>Vzd\u00e1len\u00e1 pomoc mimo pracovn\u00ed dobu<\/b><br \/>\n(Sazba plat\u00ed pro okam\u017eit\u00e9 \u0159e\u0161en\u00ed po\u017eadavk\u016f z\u00e1kazn\u00edka prost\u0159ednictv\u00edm vzd\u00e1len\u00e9ho p\u0159\u00edstupu na serveru nebo na PC z\u00e1kazn\u00edka mimo pracovn\u00ed dobu dodavatele. V p\u0159\u00edpad\u011b nedostate\u010dn\u00e9 kapacity dodavatele nelze tuto slu\u017ebu n\u00e1rokovat.)<\/td><td class=\"column-2\">550,- K\u010d<br \/>\n\/15 minut<\/td>\n<\/tr>\n<tr class=\"row-6\">\n\t<td class=\"column-1\"><b>Servis a konzultace u z\u00e1kazn\u00edka (1 hodina) <\/b><br \/>\n(Sazba plat\u00ed pro servisn\u00ed z\u00e1sahy v\u00a0provozovn\u011b z\u00e1kazn\u00edka. V\u00a0cen\u011b je zahrnuto cestovn\u00e9 a \u010das str\u00e1ven\u00fd na cest\u011b do 30 km od provozovny dodavatele, ve\u0161ker\u00e9 konzultace a slu\u017eby realizovan\u00e9 v\u00a0provozovn\u011b z\u00e1kazn\u00edka. Pokud je nutn\u00fd del\u0161\u00ed Servisn\u00ed z\u00e1sah ne\u017e jedna hodina, plat\u00ed sazba pro ka\u017edou dal\u0161\u00ed zapo\u010datou hodinu. V p\u0159\u00edpad\u011b nedostate\u010dn\u00e9 kapacity dodavatele nelze prodlou\u017een\u00ed t\u00e9to slu\u017eby n\u00e1rokovat.)<\/td><td class=\"column-2\">2 000,- K\u010d<br \/>\n\/hodinu<\/td>\n<\/tr>\n<tr class=\"row-7\">\n\t<td class=\"column-1\"><b>Servis a konzultace u z\u00e1kazn\u00edka \u2013 \u00bd den (4 hodiny)<\/b><br \/>\n(Sazba plat\u00ed pro servisn\u00ed z\u00e1sahy v\u00a0provozovn\u011b z\u00e1kazn\u00edka. V\u00a0cen\u011b je zahrnuto cestovn\u00e9 a \u010das str\u00e1ven\u00fd na cest\u011b do 30 km od provozovny dodavatele, ve\u0161ker\u00e9 konzultace a slu\u017eby realizovan\u00e9 v\u00a0provozovn\u011b z\u00e1kazn\u00edka. Slu\u017ebu lze realizovat v\u00a0dob\u011b 08:00 \u2013 12:00 nebo 12:00 -16:00. Pokud je nutn\u00fd del\u0161\u00ed Servisn\u00ed z\u00e1sah ne\u017e \u00bd den, plat\u00ed sazba pro ka\u017ed\u00e9 dal\u0161\u00ed zapo\u010dat\u00e9 4 hodiny. V p\u0159\u00edpad\u011b nedostate\u010dn\u00e9 kapacity dodavatele nelze prodlou\u017een\u00ed t\u00e9to slu\u017eby n\u00e1rokovat.)<\/td><td class=\"column-2\">5 000,- K\u010d <br \/>\n\/ \u00bd dne<\/td>\n<\/tr>\n<tr class=\"row-8\">\n\t<td class=\"column-1\"><b>Servis a konzultace u z\u00e1kazn\u00edka \u2013 1 den (8 hodin)<\/b><br \/>\n(Sazba plat\u00ed pro servisn\u00ed z\u00e1sahy v\u00a0provozovn\u011b z\u00e1kazn\u00edka. V\u00a0cen\u011b je zahrnuto cestovn\u00e9 a \u010das str\u00e1ven\u00fd na cest\u011b do 30 km od provozovny dodavatele, ve\u0161ker\u00e9 konzultace a slu\u017eby realizovan\u00e9 v\u00a0provozovn\u011b z\u00e1kazn\u00edka. Servis lze realizovat v\u00a0dob\u011b 08:00 \u2013 16:00.)<\/td><td class=\"column-2\">8 000,- K\u010d<br \/>\n\/ den<\/td>\n<\/tr>\n<\/tbody>\n<\/table>\n\t\t\t\t\t\t <\/div>\r\n\t\t\t\t\t\t\t\t\t\t\t\t <div role=\"tabpanel\" class=\"tab-pane \" id=\"tabs_desc_137_2\">\r\n\t\t\t\t\t\t\t\t\n<table id=\"tablepress-1\" class=\"tablepress tablepress-id-1\">\n<tbody class=\"row-striping row-hover\">\n<tr class=\"row-1\">\n\t<td class=\"column-1\"><b>Telefonick\u00e9 konzultace<\/b><br \/>\nSlu\u017eba je k dispozici pouze v pracovn\u00ed dobu dodavatele.<\/td><td class=\"column-2\">Zdarma<\/td>\n<\/tr>\n<tr class=\"row-2\">\n\t<td class=\"column-1\"><b>Z\u00e1kladn\u00ed hodinov\u00e1 sazba<\/b><br \/>\nSlu\u017eba plat\u00ed pro po\u017eadavky zadan\u00e9 e-mailem nebo telefonicky, kter\u00e9 je mo\u017en\u00e9 realizovat v pracovn\u00ed dob\u011b dodavatele. <br \/>\nJedn\u00e1 se nap\u0159. o Instalace SW a aktualizac\u00ed, U\u017eivatelsk\u00e9 \u00fapravy SW, servis PC a Tisk\u00e1ren. Slu\u017eba nezahrnuje fyzick\u00e9 z\u00e1sahy u z\u00e1kazn\u00edka.<\/td><td class=\"column-2\">700,- K\u010d <br \/>\n\/ hodinu<\/td>\n<\/tr>\n<tr class=\"row-3\">\n\t<td class=\"column-1\"><b>Vzd\u00e1len\u00e1 pomoc<\/b><br \/>\nSazba plat\u00ed pro okam\u017eit\u00e9 \u0159e\u0161en\u00ed po\u017eadavk\u016f z\u00e1kazn\u00edka prost\u0159ednictv\u00edm vzd\u00e1len\u00e9ho p\u0159\u00edstupu na serveru nebo na PC z\u00e1kazn\u00edka v pracovn\u00ed dob\u011b dodavatele. V p\u0159\u00edpad\u011b nedostate\u010dn\u00e9 kapacity dodavatele nelze tuto slu\u017ebu n\u00e1rokovat.<\/td><td class=\"column-2\">300,- K\u010d<br \/>\n\/ 15 minut<\/td>\n<\/tr>\n<tr class=\"row-4\">\n\t<td class=\"column-1\"><b>Z\u00e1kladn\u00ed hodinov\u00e1 sazba mimo pracovn\u00ed dobu<\/b><br \/>\n(Sazba plat\u00ed pro po\u017eadavky zadan\u00e9 e-mailem nebo telefonicky, kter\u00e9 je nutn\u00e9 realizovat mimo pracovn\u00ed dobu dodavatele. <br \/>\nJedn\u00e1 se nap\u0159. o Instalace SW a aktualizac\u00ed, U\u017eivatelsk\u00e9 \u00fapravy SW, servis PC a Tisk\u00e1ren. Slu\u017eba nezahrnuje fyzick\u00e9 z\u00e1sahy u z\u00e1kazn\u00edka.)<\/td><td class=\"column-2\">1 000,- K\u010d <br \/>\n\/ hodinu<\/td>\n<\/tr>\n<tr class=\"row-5\">\n\t<td class=\"column-1\"><b>Vzd\u00e1len\u00e1 pomoc mimo pracovn\u00ed dobu<\/b><br \/>\n(Sazba plat\u00ed pro okam\u017eit\u00e9 \u0159e\u0161en\u00ed po\u017eadavk\u016f z\u00e1kazn\u00edka prost\u0159ednictv\u00edm vzd\u00e1len\u00e9ho p\u0159\u00edstupu na serveru nebo na PC z\u00e1kazn\u00edka mimo pracovn\u00ed dobu dodavatele. V p\u0159\u00edpad\u011b nedostate\u010dn\u00e9 kapacity dodavatele nelze tuto slu\u017ebu n\u00e1rokovat.)<\/td><td class=\"column-2\">400,- K\u010d<br \/>\n\/15 minut<\/td>\n<\/tr>\n<tr class=\"row-6\">\n\t<td class=\"column-1\"><b>Servis a konzultace u z\u00e1kazn\u00edka (1 hodina) <\/b><br \/>\n(Sazba plat\u00ed pro servisn\u00ed z\u00e1sahy v\u00a0provozovn\u011b z\u00e1kazn\u00edka. V\u00a0cen\u011b je zahrnuto cestovn\u00e9 a \u010das str\u00e1ven\u00fd na cest\u011b do 30 km od provozovny dodavatele, ve\u0161ker\u00e9 konzultace a slu\u017eby realizovan\u00e9 v\u00a0provozovn\u011b z\u00e1kazn\u00edka. Pokud je nutn\u00fd del\u0161\u00ed Servisn\u00ed z\u00e1sah ne\u017e jedna hodina, plat\u00ed sazba pro ka\u017edou dal\u0161\u00ed zapo\u010datou hodinu. V p\u0159\u00edpad\u011b nedostate\u010dn\u00e9 kapacity dodavatele nelze prodlou\u017een\u00ed t\u00e9to slu\u017eby n\u00e1rokovat.)<\/td><td class=\"column-2\">1 500,- K\u010d<br \/>\n\/hodinu<\/td>\n<\/tr>\n<tr class=\"row-7\">\n\t<td class=\"column-1\"><b>Servis a konzultace u z\u00e1kazn\u00edka \u2013 \u00bd den (4 hodiny)<\/b><br \/>\n(Sazba plat\u00ed pro servisn\u00ed z\u00e1sahy v\u00a0provozovn\u011b z\u00e1kazn\u00edka. V\u00a0cen\u011b je zahrnuto cestovn\u00e9 a \u010das str\u00e1ven\u00fd na cest\u011b do 30 km od provozovny dodavatele, ve\u0161ker\u00e9 konzultace a slu\u017eby realizovan\u00e9 v\u00a0provozovn\u011b z\u00e1kazn\u00edka. Slu\u017ebu lze realizovat v\u00a0dob\u011b 08:00 \u2013 12:00 nebo 12:00 -16:00. Pokud je nutn\u00fd del\u0161\u00ed Servisn\u00ed z\u00e1sah ne\u017e \u00bd den, plat\u00ed sazba pro ka\u017ed\u00e9 dal\u0161\u00ed zapo\u010dat\u00e9 4 hodiny. V p\u0159\u00edpad\u011b nedostate\u010dn\u00e9 kapacity dodavatele nelze prodlou\u017een\u00ed t\u00e9to slu\u017eby n\u00e1rokovat.)<\/td><td class=\"column-2\">4 000,- K\u010d <br \/>\n\/ \u00bd dne<\/td>\n<\/tr>\n<tr class=\"row-8\">\n\t<td class=\"column-1\"><b>Servis a konzultace u z\u00e1kazn\u00edka \u2013 1 den (8 hodin)<\/b><br \/>\n(Sazba plat\u00ed pro servisn\u00ed z\u00e1sahy v\u00a0provozovn\u011b z\u00e1kazn\u00edka. V\u00a0cen\u011b je zahrnuto cestovn\u00e9 a \u010das str\u00e1ven\u00fd na cest\u011b do 30 km od provozovny dodavatele, ve\u0161ker\u00e9 konzultace a slu\u017eby realizovan\u00e9 v\u00a0provozovn\u011b z\u00e1kazn\u00edka. Servis lze realizovat v\u00a0dob\u011b 08:00 \u2013 16:00.)<\/td><td class=\"column-2\">6 000,- K\u010d<br \/>\n\/ den<\/td>\n<\/tr>\n<tr class=\"row-9\">\n\t<td class=\"column-1\"><b>Spr\u00e1va termin\u00e1lov\u00e9ho serveru<\/b><br \/>\n(Slu\u017eba zahrnuje Spr\u00e1vu a \u00fadr\u017ebu termin\u00e1lov\u00e9ho serveru s opera\u010dn\u00edm syst\u00e9mem Windows, instalaci aktualizac\u00ed, nastavov\u00e1n\u00ed a spr\u00e1vu u\u017eivatelsk\u00fdch pr\u00e1v, kontrolu z\u00e1lohov\u00e1n\u00ed a to i mimo pracovn\u00ed dobu dodavatele. Slu\u017eba je realizov\u00e1na formou vzd\u00e1len\u00e9 spr\u00e1vy. Slu\u017eba nezahrnuje instalaci a podporu SW (\u00fa\u010detn\u00ed syst\u00e9my, bankovn\u00ed syst\u00e9my, syst\u00e9my dopravc\u016f), podporu u\u017eivatel\u016f a fyzick\u00e9 z\u00e1sahy na serveru. Cena je platn\u00e1 pouze p\u0159i objedn\u00e1n\u00ed slu\u017eby na 12 m\u011bs\u00edc\u016f.)<\/td><td class=\"column-2\">1 500,- K\u010d<br \/>\n\/ m\u011bs\u00edc<\/td>\n<\/tr>\n<tr class=\"row-10\">\n\t<td class=\"column-1\"><b>Podpora u\u017eivatel\u016f termin\u00e1lov\u00e9ho serveru<\/b><br \/>\n(Slu\u017eba zahrnuje podporu u\u017eivatel\u016f termin\u00e1lov\u00e9ho serveru s opera\u010dn\u00edm syst\u00e9mem Windows v\u010detn\u011b vzd\u00e1len\u00e9 pomoci a to i mimo pracovn\u00ed dobu dodavatele. Slu\u017eba je realizov\u00e1na formou vzd\u00e1len\u00e9 spr\u00e1vy. Slu\u017eba nezahrnuje fyzick\u00e9 z\u00e1sahy na serveru a na PC u\u017eivatele, podporu SW (\u00fa\u010detn\u00ed syst\u00e9my, bankovn\u00ed syst\u00e9my, syst\u00e9my dopravc\u016f). Cena je platn\u00e1 pouze p\u0159i objedn\u00e1n\u00ed slu\u017eby na 12 m\u011bs\u00edc\u016f.)<\/td><td class=\"column-2\">150,- K\u010d<br \/>\n\/u\u017eivatel\/m\u011bs\u00edc<\/td>\n<\/tr>\n<tr class=\"row-11\">\n\t<td class=\"column-1\"><b>Spr\u00e1va serveru LAN<\/b><br \/>\n(Slu\u017eba zahrnuje Spr\u00e1vu a \u00fadr\u017ebu serveru s opera\u010dn\u00edm syst\u00e9mem Windows zapojen\u00e9ho v\u00a0s\u00edti LAN, instalaci aktualizac\u00ed, nastavov\u00e1n\u00ed a spr\u00e1vu u\u017eivatelsk\u00fdch pr\u00e1v, kontrolu z\u00e1lohov\u00e1n\u00ed a to i mimo pracovn\u00ed dobu dodavatele. Slu\u017eba je realizov\u00e1na formou vzd\u00e1len\u00e9 spr\u00e1vy. Slu\u017eba nezahrnuje podporu u\u017eivatel\u016f a fyzick\u00e9 z\u00e1sahy na serveru. Cena je platn\u00e1 pouze p\u0159i objedn\u00e1n\u00ed slu\u017eby na 12 m\u011bs\u00edc\u016f.)<\/td><td class=\"column-2\">3 000,- K\u010d \/server\/m\u011bs\u00edc<\/td>\n<\/tr>\n<tr class=\"row-12\">\n\t<td class=\"column-1\"><b>Podpora u\u017eivatel\u016f s\u00edt\u011b LAN<\/b><br \/>\n(Slu\u017eba zahrnuje podporu u\u017eivatel\u016f PC zapojen\u00fdch v s\u00edti LAN v\u010detn\u011b vzd\u00e1len\u00e9 pomoci v pracovn\u00ed dob\u011b dodavatele. Slu\u017eba je realizov\u00e1na formou vzd\u00e1len\u00e9 spr\u00e1vy. Slu\u017eba nezahrnuje fyzick\u00e9 z\u00e1sahy na PC u\u017eivatele. Slu\u017eba m\u016f\u017ee b\u00fdt odm\u00edtnuta v\u00a0p\u0159\u00edpad\u011b pou\u017e\u00edv\u00e1n\u00ed neleg\u00e1ln\u00edho SW. Cena je platn\u00e1 pouze p\u0159i objedn\u00e1n\u00ed slu\u017eby na 12 m\u011bs\u00edc\u016f a pro v\u0161echny u\u017eivatele s\u00edt\u011b LAN nezahrnuje podporu SW (\u00fa\u010detn\u00ed syst\u00e9my, bankovn\u00ed syst\u00e9my, syst\u00e9my dopravc\u016f). )<\/td><td class=\"column-2\">150,- K\u010d<br \/>\n\/PC\/ m\u011bs\u00edc<\/td>\n<\/tr>\n<tr class=\"row-13\">\n\t<td class=\"column-1\"><b>Spr\u00e1va po\u0161tovn\u00edho serveru<\/b><br \/>\n(Slu\u017eba zahrnuje Spr\u00e1vu a \u00fadr\u017ebu emailov\u00e9ho serveru (Office 365), instalaci aktualizac\u00ed, nastavov\u00e1n\u00ed a spr\u00e1vu u\u017eivatelsk\u00fdch \u00fa\u010dt\u016f, kontrolu z\u00e1lohov\u00e1n\u00ed a to i mimo pracovn\u00ed dobu dodavatele. Slu\u017eba je realizov\u00e1na formou vzd\u00e1len\u00e9 spr\u00e1vy. Slu\u017eba nezahrnuje podporu u\u017eivatel\u016f a fyzick\u00e9 z\u00e1sahy na serveru. Cena je platn\u00e1 pouze p\u0159i objedn\u00e1n\u00ed slu\u017eby na 12 m\u011bs\u00edc\u016f.)<\/td><td class=\"column-2\">1 000,- K\u010d<br \/>\n\/server\/m\u011bs\u00edc<\/td>\n<\/tr>\n<tr class=\"row-14\">\n\t<td class=\"column-1\"><b>Spr\u00e1va programu Pohoda<\/b><br \/>\n(Slu\u017eba zahrnuje Spr\u00e1vu a \u00fadr\u017ebu ekonomick\u00e9ho syst\u00e9mu Pohoda, instalaci aktualizac\u00ed, nastavov\u00e1n\u00ed a spr\u00e1vu u\u017eivatelsk\u00fdch \u00fa\u010dt\u016f, kontrolu z\u00e1lohov\u00e1n\u00ed a to i mimo pracovn\u00ed dobu dodavatele. Slu\u017eba je realizov\u00e1na formou vzd\u00e1len\u00e9 spr\u00e1vy. Slu\u017eba nezahrnuje podporu u\u017eivatel\u016f, u\u017eivatelsk\u00e9 \u00fapravy programu a fyzick\u00e9 z\u00e1sahy u z\u00e1kazn\u00edka. Cena je platn\u00e1 pouze p\u0159i objedn\u00e1n\u00ed slu\u017eby na 12 m\u011bs\u00edc\u016f a plat\u00ed pro jednu \u00fa\u010detn\u00ed jednotku (I\u010cO) v\u00a0programu Pohoda.)<\/td><td class=\"column-2\">1 000,- K\u010d<br \/>\n\/\u00daJ\/m\u011bs\u00edc<\/td>\n<\/tr>\n<tr class=\"row-15\">\n\t<td class=\"column-1\"><b>Podpora u\u017eivatel\u016f programu Pohoda<\/b>\u00a0\u00a0\u00a0\u00a0<br \/>\n(Slu\u017eba zahrnuje podporu u\u017eivatel\u016f ekonomick\u00e9ho syst\u00e9mu Pohoda. Slu\u017eba je realizov\u00e1na formou vzd\u00e1len\u00e9 spr\u00e1vy a to i mimo pracovn\u00ed dobu dodavatele. Slu\u017eba nezahrnuje u\u017eivatelsk\u00e9 \u00fapravy programu a fyzick\u00e9 z\u00e1sahy u z\u00e1kazn\u00edka. Cena je platn\u00e1 pouze p\u0159i objedn\u00e1n\u00ed slu\u017eby na 12 m\u011bs\u00edc\u016f a plat\u00ed pro jednu \u00fa\u010detn\u00ed jednotku (I\u010cO) v\u00a0programu Pohoda.)<\/td><td class=\"column-2\">150,- K\u010d<br \/>\n\/u\u017eivatel\/m\u011bs\u00edc<\/td>\n<\/tr>\n<tr class=\"row-16\">\n\t<td class=\"column-1\"><b>Servis 24<\/b>\u00a0<br \/>\n(Ve\u0161ker\u00e9 po\u017eadavky z\u00e1kazn\u00edk\u016f jsou realizov\u00e1ny v nejkrat\u0161\u00edm mo\u017en\u00e9m \u010dase v\u00a0z\u00e1vislosti na kapacit\u011b servisu a d\u016fle\u017eitosti po\u017eadavku. Tato Slu\u017eba garantuje odezvu na Va\u0161e po\u017eadavky do 24 hodin v\u00a0pracovn\u00ed dny. Slu\u017eba zahrnuje pouze rezervaci kapacity a prodlou\u017een\u00ed pracovn\u00ed doby 7:00 \u2013 17:00. Slu\u017eba nezahrnuje \u017e\u00e1dn\u00e9 dal\u0161\u00ed slu\u017eby. Cena je platn\u00e1 pouze p\u0159i objedn\u00e1n\u00ed slu\u017eby na 12 m\u011bs\u00edc\u016f.)<\/td><td class=\"column-2\">15 000,- K\u010d<br \/>\n\/m\u011bs\u00edc<\/td>\n<\/tr>\n<\/tbody>\n<\/table>\n\t\t\t\t\t\t <\/div>\r\n\t\t\t\t\t\t\t\r\n\t\t\t\t\t <\/div>\r\n\t\t\t\t\t \r\n\t\t\t\t <\/div>\r\n <script>\r\n\t\tjQuery(function () {\r\n\t\t\tjQuery('#myTab_137 a:first').tab('show')\r\n\t\t});\r\n\t\t\r\n\t\t\t\tjQuery(function(){\r\n\t\t\tvar b=\"fadeIn\";\r\n\t\t\tvar c;\r\n\t\t\tvar a;\r\n\t\t\td(jQuery(\"#myTab_137 a\"),jQuery(\"#tab-content_137\"));function d(e,f,g){\r\n\t\t\t\te.click(function(i){\r\n\t\t\t\t\ti.preventDefault();\r\n\t\t\t\t\tjQuery(this).tab(\"show\");\r\n\t\t\t\t\tvar h=jQuery(this).data(\"easein\");\r\n\t\t\t\t\tif(c){c.removeClass(a);}\r\n\t\t\t\t\tif(h){f.find(\"div.active\").addClass(\"animated \"+h);a=h;}\r\n\t\t\t\t\telse{if(g){f.find(\"div.active\").addClass(\"animated \"+g);a=g;}else{f.find(\"div.active\").addClass(\"animated \"+b);a=b;}}c=f.find(\"div.active\");\r\n\t\t\t\t});\r\n\t\t\t}\r\n\t\t});\r\n\t\t\r\n\r\n\t\tfunction do_resize(){\r\n\r\n\t\t\tvar width=jQuery( '.tab-content .tab-pane iframe' ).width();\r\n\t\t\tvar height=jQuery( '.tab-content .tab-pane iframe' ).height();\r\n\r\n\t\t\tvar toggleSize = true;\r\n\t\t\tjQuery('iframe').animate({\r\n\t\t\t    width: toggleSize ? width : 640,\r\n\t\t\t    height: toggleSize ? height : 360\r\n\t\t\t  }, 250);\r\n\r\n\t\t\t  toggleSize = !toggleSize;\r\n\t\t}\r\n\r\n\r\n\t<\/script>\r\n\t\t\t\t\r\n\t\t\t\n<p><em>\u00a0<\/em><\/p>\n<p><em>\u00a0<\/em><\/p>\n<p><em>\u00a0<\/em><\/p>\n<p><em>\u00a0<\/em><\/p>\n<p><em>\u00a0<\/em><\/p>\n<p><em>\u00a0<\/em><\/p>\n","protected":false},"excerpt":{"rendered":"<p>Cen\u00edk slu\u017eeb platn\u00fd od 1. 2. 2022 \u00a0 \u00a0 \u00a0 \u00a0 \u00a0 \u00a0<\/p>\n","protected":false},"author":1,"featured_media":0,"parent":0,"menu_order":0,"comment_status":"closed","ping_status":"closed","template":"","meta":{"footnotes":""},"class_list":["post-16","page","type-page","status-publish","hentry"],"_links":{"self":[{"href":"https:\/\/www.ondrejd.cz\/index.php?rest_route=\/wp\/v2\/pages\/16","targetHints":{"allow":["GET"]}}],"collection":[{"href":"https:\/\/www.ondrejd.cz\/index.php?rest_route=\/wp\/v2\/pages"}],"about":[{"href":"https:\/\/www.ondrejd.cz\/index.php?rest_route=\/wp\/v2\/types\/page"}],"author":[{"embeddable":true,"href":"https:\/\/www.ondrejd.cz\/index.php?rest_route=\/wp\/v2\/users\/1"}],"replies":[{"embeddable":true,"href":"https:\/\/www.ondrejd.cz\/index.php?rest_route=%2Fwp%2Fv2%2Fcomments&post=16"}],"version-history":[{"count":16,"href":"https:\/\/www.ondrejd.cz\/index.php?rest_route=\/wp\/v2\/pages\/16\/revisions"}],"predecessor-version":[{"id":141,"href":"https:\/\/www.ondrejd.cz\/index.php?rest_route=\/wp\/v2\/pages\/16\/revisions\/141"}],"wp:attachment":[{"href":"https:\/\/www.ondrejd.cz\/index.php?rest_route=%2Fwp%2Fv2%2Fmedia&parent=16"}],"curies":[{"name":"wp","href":"https:\/\/api.w.org\/{rel}","templated":true}]}}